{"id":14,"date":"2020-06-06T17:46:12","date_gmt":"2020-06-06T15:46:12","guid":{"rendered":"http:\/\/www.jh-design.at\/vorschauen\/0000-lieferservice-vorlage\/?page_id=14"},"modified":"2025-03-01T07:20:18","modified_gmt":"2025-03-01T06:20:18","slug":"agbs","status":"publish","type":"page","link":"https:\/\/www.pizzeria-latiano-gratwein.at\/bestellsystem\/agbs\/","title":{"rendered":"AGB&#8217;s"},"content":{"rendered":"\t\t<div data-elementor-type=\"wp-page\" data-elementor-id=\"14\" class=\"elementor elementor-14\" data-elementor-post-type=\"page\">\n\t\t\t\t\t\t<section class=\"elementor-section elementor-top-section elementor-element elementor-element-194e1abe elementor-section-full_width elementor-section-height-default elementor-section-height-default\" data-id=\"194e1abe\" data-element_type=\"section\" data-e-type=\"section\">\n\t\t\t\t\t\t<div class=\"elementor-container elementor-column-gap-default\">\n\t\t\t\t\t<div class=\"elementor-column elementor-col-100 elementor-top-column elementor-element elementor-element-6de6c645\" data-id=\"6de6c645\" data-element_type=\"column\" data-e-type=\"column\">\n\t\t\t<div class=\"elementor-widget-wrap elementor-element-populated\">\n\t\t\t\t\t\t<div class=\"elementor-element elementor-element-595c953a elementor-align-right elementor-widget elementor-widget-button\" data-id=\"595c953a\" data-element_type=\"widget\" data-e-type=\"widget\" data-settings=\"{&quot;sticky&quot;:&quot;top&quot;,&quot;sticky_on&quot;:[&quot;desktop&quot;,&quot;tablet&quot;,&quot;mobile&quot;],&quot;sticky_offset&quot;:0,&quot;sticky_effects_offset&quot;:0,&quot;sticky_anchor_link_offset&quot;:0}\" data-widget_type=\"button.default\">\n\t\t\t\t<div class=\"elementor-widget-container\">\n\t\t\t\t\t\t\t\t\t<div class=\"elementor-button-wrapper\">\n\t\t\t\t\t<a class=\"elementor-button elementor-button-link elementor-size-sm\" href=\"https:\/\/www.pizzeria-latiano-gratwein.at\/bestellsystem\/\">\n\t\t\t\t\t\t<span class=\"elementor-button-content-wrapper\">\n\t\t\t\t\t\t<span class=\"elementor-button-icon\">\n\t\t\t\t<i aria-hidden=\"true\" class=\"fas fa-caret-left\"><\/i>\t\t\t<\/span>\n\t\t\t\t\t\t\t\t\t<span class=\"elementor-button-text\">Zur Startseite<\/span>\n\t\t\t\t\t<\/span>\n\t\t\t\t\t<\/a>\n\t\t\t\t<\/div>\n\t\t\t\t\t\t\t\t<\/div>\n\t\t\t\t<\/div>\n\t\t\t\t<div class=\"elementor-element elementor-element-26a5dd66 elementor-widget elementor-widget-text-editor\" data-id=\"26a5dd66\" data-element_type=\"widget\" data-e-type=\"widget\" data-widget_type=\"text-editor.default\">\n\t\t\t\t<div class=\"elementor-widget-container\">\n\t\t\t\t\t\t\t\t\t<p><b>\u00a7 1 Geltungsbereich&nbsp;<\/b><\/p>\n<p>(1) Diese Allgemeinen Gesch\u00e4ftsbedingungen (im Folgenden kurz \u201eAGB\u201c) gelten f\u00fcr alle Bestellungen von Speisen und Getr\u00e4nken, die Sie bei dem Online-Shop von<\/p>\n<p>Pizzeria Latiano Gratwein<br>Bahnhofstrasse 38 A<br>8112 Gratwein<\/p>\n<p><strong>Gesch\u00e4ftsf\u00fchrer<\/strong><br>Aktay Mulla<br><\/p>\n<p>Telefon: 0650 33 85 055<br>E-Mail: office@pizzeria-latiano-gratwein.at<\/p>\n<p>UID: ATU79726815<br>Gewerbe: Gastronomie<\/p>\n<p>(im Folgenden kurz \u201eBetreiber\u201c oder \u201eich\u201c bzw. \u201emein\u201c)<\/p>\n<p>t\u00e4tigen.<\/p>\n<p>(2) Meine Lieferungen, Leistungen und Angebote erfolgen ausschlie\u00dflich auf der Grundlage der gegenst\u00e4ndlichen AGB. Diese AGB gelten nicht nur f\u00fcr das erste Rechtsgesch\u00e4ft, sondern die Anwendung der AGB wird auch f\u00fcr alle Zusatz- und Folgeauftr\u00e4ge sowie weitere Gesch\u00e4fte ausdr\u00fccklich vereinbart.<\/p>\n<p>(3) Einkaufs- oder sonstige Gesch\u00e4ftsbedingungen des Kunden haben keine G\u00fcltigkeit; diesen wird hiermit ausdr\u00fccklich widersprochen.<\/p>\n<p>(4) Mit der Abgabe seiner Bestellung erkl\u00e4rt der Kunde, dass er vor Vertragsabschluss die M\u00f6glichkeit hatte, vom vollst\u00e4ndigen Inhalt der AGB Kenntnis zu nehmen und mit deren Inhalt vollinhaltlich einverstanden ist.<\/p>\n<p>(5) \u00c4nderungen und Erg\u00e4nzungen dieser AGB bed\u00fcrfen zu ihrer Rechtswirksamkeit der Schriftform. Von diesem Schriftlichkeitsgebot kann ebenfalls nur schriftlich abgegangen werden. Es wird festgehalten, dass Nebenabreden nicht bestehen.<\/p>\n<p><b>\u00a7 2 Vertragsschluss<\/b><\/p>\n<p><span lang=\"de-DE\">(1) Die Warenpr\u00e4sentation im Online-Shop stellt&nbsp;<\/span><span lang=\"de-DE\">kein rechtlich bindendes Angebot dar. Vielmehr handelt es sich um eine unverbindliche Aufforderung, im Online-Shop Speisen und Getr\u00e4nke zu bestellen.<\/span><\/p>\n<p><span lang=\"de-DE\">(2) Auf meiner Website gemachte Angaben zu Speisen und Getr\u00e4nken sowie Darstellungen und Abbildungen sind ebenfalls unverbindlich. Sie stellen keine Beschaffenheitsgarantie dar, sondern dienen lediglich der Beschreibung oder Kennzeichnung. Ich \u00fcbernehme keine Haftung f\u00fcr Rechen-, Schreib-, und\/oder Druckfehler.<\/span><\/p>\n<p>(3) Der Kunde w\u00e4hlt die gew\u00fcnschten Speisen und Getr\u00e4nke durch Anklicken aus und werden diese im Warenkorb hinterlegt. Im Warenkorb kann der Kunde seine Bestellung nochmals pr\u00fcfen und durch Klicken auf den Button \u201eZahlungspflichtig bestellen\u201c gibt er ein verbindliches Angebot zum Kauf der im Warenkorb befindlichen Waren ab. Davor akzeptiert der Kunde durch Setzen von H\u00e4kchen die Datenschutzerkl\u00e4rung sowie die gegenst\u00e4ndlichen AGB.<\/p>\n<p>(4) Daraufhin erhalten Sie als Kunde eine Email, mit der ich best\u00e4tige, dass Ihre Bestellung bei mir eingegangen ist und innerhalb der angef\u00fchrten Zeit abholbereit bzw zugestellt ist\/wird. Diese Email best\u00e4tigt die Annahme Ihres Angebots und kommt dadurch oder konkludent durch die sp\u00e4tere \u00dcbergabe der Ware \u2013 ohne vorherige ausdr\u00fcckliche Annahmeerkl\u00e4rung \u2013 der Vertrag zwischen Ihnen und mir zustande. Auch im Fall der Ablehnung Ihres Angebots (Ihrer Bestellung) werden Sie per Telefon von mir verst\u00e4ndigt.<\/p>\n<p><span lang=\"de-DE\"><b>\u00a7 3 Warenverf\u00fcgbarkeit <\/b><\/span><\/p>\n<p><span lang=\"de-DE\">(1) Sind zum Zeitpunkt der Bestellung die von Ihnen bestellten Speisen und\/oder Getr\u00e4nke kurzfristig nicht verf\u00fcgbar, teile ich Ihnen dies per Telefon mit. Sind die Speisen und Getr\u00e4nke dauerhaft nicht lieferbar, kommt kein Vertrag zustande; hier\u00fcber werde ich Sie ebenfalls per Telefon informieren.<\/span><\/p>\n<p><span lang=\"de-DE\"><b>\u00a7 4 Preise und Zahlung <\/b><\/span><\/p>\n<p><span lang=\"de-DE\">(1) Alle Preise auf der Website <\/span>verstehen sich in Euro inkl. Mehrwertsteuer und Verpackungskosten<span lang=\"de-DE\">. <\/span><\/p>\n<p><span lang=\"de-DE\">(2) Die Zahlung erfolgt wahlweise per Sofort\u00fcberweisung, Paypal, Kreditkarte (Visa, Mastercard) oder per Barzahlung bzw. Bezahlung per Bankomatkarte bei Abholung bzw. Zustellung der Ware. <\/span><\/p>\n<p><b>\u00a7 5 Abholung<\/b><\/p>\n<p>(1) Sie sind zur Abholung der bestellten Ware in meinen Gesch\u00e4ftsr\u00e4umlichkeiten verpflichtet. Sie k\u00f6nnen auch einen Dritten (z.B. Taxidienst) mit der Abholung der bestellten Ware beauftragen, die hierf\u00fcr anfallenden Kosten sind ausschlie\u00dflich von Ihnen zu tragen.<\/p>\n<p>F\u00fcr die \u00dcbergabe der Ware an Sie oder den von Ihnen beauftragten Dritten ben\u00f6tige ich die Bekanntgabe der Bestellnummer, welche Ihnen zuvor per Email \u00fcbermittelt worden ist.<\/p>\n<p>(2) Mit der \u00dcbergabe der von Ihnen bestellten Ware an Sie oder den von Ihnen beauftragten Dritten habe ich meine Vertragspflichten erf\u00fcllt.<\/p>\n<p><b>\u00a7 6 R\u00fccktrittsrecht\/ Widerrufsrecht (f\u00fcr Verbraucher im Sinne des \u00a7 1 KschG)<\/b><\/p>\n<p>(1) Bei den von mir verkauften Speisen handelt es sich um verderbliche Produkte. Die verkauften Getr\u00e4nke werden verschlossen (\u201eversiegelt\u201c) verkauft und sind nach \u00d6ffnung aus Hygienegr\u00fcnden nicht mehr zur R\u00fcckgabe geeignet. Unter Verweis auf \u00a7 18 Abs. 1 Z. 4 und 5 FAGG idgF wird daher festgehalten, dass dem Kunden kein R\u00fccktrittsrecht vom gegenst\u00e4ndlich abgeschlossenen Vertrag zusteht.<\/p>\n<p><b>\u00a7 7 Beschwerden und Gew\u00e4hrleistung<\/b><\/p>\n<p>(1) Beschwerden richten Sie bitte schriftlich direkt an mich:<\/p>\n<p>Pizzeria Latiano Gratwein<br>Bahnhofstrasse 38 A<br>8112 Gratwein<\/p>\n<p>E-Mail: office@pizzeria-latiano-gratwein.at<\/p>\n<p>Ich werde mich bem\u00fchen, diese schnellstm\u00f6glich zu bearbeiten.<\/p>\n<p>(2) Es gelten die gesetzlichen Gew\u00e4hrleistungsbestimmungen.<\/p>\n<p><b><span lang=\"de-DE\">\u00a7 8 <\/span>Schadenersatz<\/b><\/p>\n<p>(1) Zum Schadenersatz bin ich in allen in Betracht kommenden F\u00e4llen nur im Falle von Vorsatz oder grober Fahrl\u00e4ssigkeit verpflichtet. Bei leichter Fahrl\u00e4ssigkeit hafte ich ausschlie\u00dflich f\u00fcr Personensch\u00e4den.<\/p>\n<p>(2) F\u00fcr mittelbare Sch\u00e4den, entgangenen Gewinn, Folge- und Verm\u00f6genssch\u00e4den und Sch\u00e4den aus Anspr\u00fcchen Dritter hafte ich nicht.<\/p>\n<p><b>\u00a7 9 Erf\u00fcllungsort und Gerichtsstand<\/b><\/p>\n<p>(1) Erf\u00fcllungsort f\u00fcr beide Vertragsteile ist mein Gesch\u00e4ftssitz.<\/p>\n<p>(2) F\u00fcr s\u00e4mtliche Rechtsstreitigkeiten aus diesem Vertrag wird die Anwendung des \u00f6sterreichischen Rechtes unter Ausschluss des UN-Kaufrechts, sowie als Gerichtsstand das sachlich in Betracht kommende Gericht an meinem Sitz vereinbart, wobei diese Gerichtsstandregelung nicht f\u00fcr Verbraucher gilt.<\/p>\n<p><b>\u00a7 10 Salvatorische Klausel<\/b><\/p>\n<p>(1) Sollte eine Bestimmung dieser AGB unwirksam sein oder werden, so ber\u00fchrt dies die G\u00fcltigkeit der restlichen Bestimmungen nicht. Unwirksame Bestimmungen sind von den Vertragsteilen durch eine der unwirksamen Bestimmung am n\u00e4chsten kommende Bestimmung zu ersetzen.<\/p>\t\t\t\t\t\t\t\t<\/div>\n\t\t\t\t<\/div>\n\t\t\t\t\t<\/div>\n\t\t<\/div>\n\t\t\t\t\t<\/div>\n\t\t<\/section>\n\t\t\t\t<\/div>\n\t\t","protected":false},"excerpt":{"rendered":"<p>Zur Startseite \u00a7 1 Geltungsbereich&nbsp; (1) Diese Allgemeinen Gesch\u00e4ftsbedingungen (im Folgenden kurz \u201eAGB\u201c) gelten f\u00fcr alle Bestellungen von Speisen und Getr\u00e4nken, die Sie bei dem Online-Shop von Pizzeria Latiano GratweinBahnhofstrasse 38 A8112 Gratwein Gesch\u00e4ftsf\u00fchrerAktay Mulla Telefon: 0650 33 85 055E-Mail: office@pizzeria-latiano-gratwein.at UID: ATU79726815Gewerbe: Gastronomie (im Folgenden kurz \u201eBetreiber\u201c oder \u201eich\u201c bzw. \u201emein\u201c) t\u00e4tigen. (2) Meine [&hellip;]<\/p>\n","protected":false},"author":1,"featured_media":0,"parent":0,"menu_order":0,"comment_status":"closed","ping_status":"closed","template":"elementor_header_footer","meta":{"footnotes":""},"class_list":["post-14","page","type-page","status-publish","hentry"],"_links":{"self":[{"href":"https:\/\/www.pizzeria-latiano-gratwein.at\/bestellsystem\/wp-json\/wp\/v2\/pages\/14","targetHints":{"allow":["GET"]}}],"collection":[{"href":"https:\/\/www.pizzeria-latiano-gratwein.at\/bestellsystem\/wp-json\/wp\/v2\/pages"}],"about":[{"href":"https:\/\/www.pizzeria-latiano-gratwein.at\/bestellsystem\/wp-json\/wp\/v2\/types\/page"}],"author":[{"embeddable":true,"href":"https:\/\/www.pizzeria-latiano-gratwein.at\/bestellsystem\/wp-json\/wp\/v2\/users\/1"}],"replies":[{"embeddable":true,"href":"https:\/\/www.pizzeria-latiano-gratwein.at\/bestellsystem\/wp-json\/wp\/v2\/comments?post=14"}],"version-history":[{"count":11,"href":"https:\/\/www.pizzeria-latiano-gratwein.at\/bestellsystem\/wp-json\/wp\/v2\/pages\/14\/revisions"}],"predecessor-version":[{"id":902,"href":"https:\/\/www.pizzeria-latiano-gratwein.at\/bestellsystem\/wp-json\/wp\/v2\/pages\/14\/revisions\/902"}],"wp:attachment":[{"href":"https:\/\/www.pizzeria-latiano-gratwein.at\/bestellsystem\/wp-json\/wp\/v2\/media?parent=14"}],"curies":[{"name":"wp","href":"https:\/\/api.w.org\/{rel}","templated":true}]}}